{"id":328,"date":"2023-01-23T06:59:30","date_gmt":"2023-01-23T06:59:30","guid":{"rendered":"https:\/\/www.ilexembeddedsystems.fr\/startseite\/"},"modified":"2024-05-03T10:19:52","modified_gmt":"2024-05-03T10:19:52","slug":"startseite","status":"publish","type":"page","link":"https:\/\/www.ilexembeddedsystems.fr\/de\/","title":{"rendered":"Startseite"},"content":{"rendered":"[vc_row type=&#8220;in_container&#8220; full_screen_row_position=&#8220;middle&#8220; column_margin=&#8220;default&#8220; column_direction=&#8220;default&#8220; column_direction_tablet=&#8220;default&#8220; column_direction_phone=&#8220;default&#8220; scene_position=&#8220;center&#8220; text_color=&#8220;dark&#8220; text_align=&#8220;left&#8220; row_border_radius=&#8220;none&#8220; row_border_radius_applies=&#8220;bg&#8220; overflow=&#8220;visible&#8220; overlay_strength=&#8220;0.3&#8243; gradient_direction=&#8220;left_to_right&#8220; shape_divider_position=&#8220;bottom&#8220; bg_image_animation=&#8220;none&#8220;][vc_column column_padding=&#8220;no-extra-padding&#8220; column_padding_tablet=&#8220;inherit&#8220; column_padding_phone=&#8220;inherit&#8220; column_padding_position=&#8220;all&#8220; column_element_direction_desktop=&#8220;default&#8220; column_element_spacing=&#8220;default&#8220; desktop_text_alignment=&#8220;default&#8220; tablet_text_alignment=&#8220;default&#8220; phone_text_alignment=&#8220;default&#8220; background_color_opacity=&#8220;1&#8243; background_hover_color_opacity=&#8220;1&#8243; column_backdrop_filter=&#8220;none&#8220; column_shadow=&#8220;none&#8220; column_border_radius=&#8220;none&#8220; column_link_target=&#8220;_self&#8220; column_position=&#8220;default&#8220; gradient_direction=&#8220;left_to_right&#8220; overlay_strength=&#8220;0.3&#8243; width=&#8220;1\/1&#8243; tablet_width_inherit=&#8220;default&#8220; animation_type=&#8220;default&#8220; bg_image_animation=&#8220;none&#8220; border_type=&#8220;simple&#8220; column_border_width=&#8220;none&#8220; column_border_style=&#8220;solid&#8220;]<style type=\"text\/css\">@media only screen and (min-width: 1300px) { #nectar-slider-instance-1, #nectar-slider-instance-1 .swiper-container { height: 520px; }  } @media only screen and (max-width: 1299px) { #nectar-slider-instance-1, #nectar-slider-instance-1 .swiper-container { height: 433.33333333333px; }  } @media only screen and (max-width: 1000px) { #nectar-slider-instance-1, #nectar-slider-instance-1 .swiper-container { height: 371.42857142857px; }  } @media only screen and (max-width: 690px) { #nectar-slider-instance-1, #nectar-slider-instance-1 .swiper-container { height: 192.59259259259px; }  } <\/style><div  data-transition=\"slide\" data-overall_style=\"classic\" data-flexible-height=\"\" data-animate-in-effect=\"none\" data-fullscreen=\"false\" data-button-sizing=\"regular\" data-button-styling=\"btn_with_count\" data-autorotate=\"7000\" data-parallax=\"false\" data-parallax-disable-mobile=\"\" data-caption-trans=\"fade_in_from_bottom\" data-parallax-style=\"bg_only\" data-bg-animation=\"ken_burns\" data-full-width=\"true\" class=\"nectar-slider-wrap \" id=\"nectar-slider-instance-1\"><div class=\"swiper-container\"  data-tho=\"auto\" data-tco=\"auto\" data-pho=\"auto\" data-pco=\"auto\" data-loop=\"true\" data-height=\"520\" data-min-height=\"\" data-arrows=\"false\" data-bullets=\"false\" data-bullet_style=\"see_through\" data-bullet_position=\"bottom\" data-desktop-swipe=\"false\" data-settings=\"\"> <div class=\"swiper-wrapper\"><div class=\"swiper-slide\" data-desktop-content-width=\"\" data-tablet-content-width=\"\" data-bg-alignment=\"center\" data-color-scheme=\"light\" data-x-pos=\"center\" data-y-pos=\"middle\" ><div class=\"slide-bg-wrap\"><div class=\"image-bg\" style=\"background-image: url(https:\/\/www.ilexembeddedsystems.fr\/wp-content\/uploads\/2023\/01\/banniere-composant-electronique.jpg);\"> &nbsp; <\/div><\/div><div class=\"container\">\n\t\t\t\t\t\t<div class=\"content\"><h2 class=\"ns-heading-el\">Entwicklung eingebetteter Software<\/h2><p  ><span>Holen Sie das Beste aus Ihren embedded Systemen heraus. Ilex Embedded Systems beschleunigt Ihre Entwicklung.<\/span><\/p><\/div>\n\t\t\t\t\t\t\t\t<\/div><!--\/container--><div class=\"video-texture \"> <span class=\"ie-fix\"><\/span> <\/div><\/div> <!--\/swiper-slide--><div class=\"swiper-slide\" data-desktop-content-width=\"\" data-tablet-content-width=\"\" data-bg-alignment=\"center\" data-color-scheme=\"light\" data-x-pos=\"center\" data-y-pos=\"middle\" ><div class=\"slide-bg-wrap\"><div class=\"image-bg\" style=\"background-image: url(https:\/\/www.ilexembeddedsystems.fr\/wp-content\/uploads\/2023\/01\/code-1024x768-1.jpg);\"> &nbsp; <\/div><\/div><div class=\"container\">\n\t\t\t\t\t\t<div class=\"content\"><h2 class=\"ns-heading-el\">Qualit\u00e4t des Kodes<\/h2><p  ><span>Verbessern Sie die Qualit\u00e4t Ihres Codes und reduzieren Sie die Anzahl der Fehler durch statische Code-Analyse, Unit-Tests und Software-Verifizierung.<\/span><\/p><\/div>\n\t\t\t\t\t\t\t\t<\/div><!--\/container--><div class=\"video-texture \"> <span class=\"ie-fix\"><\/span> <\/div><\/div> <!--\/swiper-slide--><div class=\"swiper-slide\" data-desktop-content-width=\"\" data-tablet-content-width=\"\" data-bg-alignment=\"center\" data-color-scheme=\"light\" data-x-pos=\"center\" data-y-pos=\"middle\" ><div class=\"slide-bg-wrap\"><div class=\"image-bg\" style=\"background-image: url(https:\/\/www.ilexembeddedsystems.fr\/wp-content\/uploads\/2023\/01\/blury1024x768C.jpg);\"> &nbsp; <\/div><\/div><div class=\"container\">\n\t\t\t\t\t\t<div class=\"content\"><h2 class=\"ns-heading-el\">Innovative L\u00f6sungen f\u00fcr Konnektivit\u00e4t<\/h2><p  ><span>Das IoT ist wichtig. Die eingebetteten Systeme von heute sind zunehmend mit Mobiltelefonen und Cloud-Umgebungen verbunden. Ilex Embedded Systems kann Ihnen dabei helfen.<\/span><\/p><\/div>\n\t\t\t\t\t\t\t\t<\/div><!--\/container--><div class=\"video-texture \"> <span class=\"ie-fix\"><\/span> <\/div><\/div> <!--\/swiper-slide--><\/div><div class=\"nectar-slider-loading \"> <span class=\"loading-icon none\">   <\/span> <\/div> <\/div> \n\t\t\t\t\t\n\t\t\t\t\t<\/div>[\/vc_column][\/vc_row][vc_row type=&#8220;in_container&#8220; full_screen_row_position=&#8220;middle&#8220; column_margin=&#8220;default&#8220; column_direction=&#8220;default&#8220; column_direction_tablet=&#8220;default&#8220; column_direction_phone=&#8220;default&#8220; scene_position=&#8220;center&#8220; top_padding=&#8220;50&#8243; text_color=&#8220;dark&#8220; text_align=&#8220;left&#8220; row_border_radius=&#8220;none&#8220; row_border_radius_applies=&#8220;bg&#8220; overflow=&#8220;visible&#8220; overlay_strength=&#8220;0.3&#8243; gradient_direction=&#8220;left_to_right&#8220; shape_divider_position=&#8220;bottom&#8220; bg_image_animation=&#8220;none&#8220; gradient_type=&#8220;default&#8220; shape_type=&#8220;&#8220;][vc_column column_padding=&#8220;no-extra-padding&#8220; column_padding_tablet=&#8220;inherit&#8220; column_padding_phone=&#8220;inherit&#8220; column_padding_position=&#8220;all&#8220; column_element_direction_desktop=&#8220;default&#8220; column_element_spacing=&#8220;default&#8220; desktop_text_alignment=&#8220;default&#8220; tablet_text_alignment=&#8220;default&#8220; phone_text_alignment=&#8220;default&#8220; background_color_opacity=&#8220;1&#8243; background_hover_color_opacity=&#8220;1&#8243; column_backdrop_filter=&#8220;none&#8220; column_shadow=&#8220;none&#8220; column_border_radius=&#8220;none&#8220; column_link_target=&#8220;_self&#8220; column_position=&#8220;default&#8220; gradient_direction=&#8220;left_to_right&#8220; overlay_strength=&#8220;0.3&#8243; width=&#8220;1\/1&#8243; tablet_width_inherit=&#8220;default&#8220; animation_type=&#8220;default&#8220; bg_image_animation=&#8220;none&#8220; border_type=&#8220;simple&#8220; column_border_width=&#8220;none&#8220; column_border_style=&#8220;solid&#8220;][vc_column_text css_animation=&#8220;fadeInLeft&#8220;]\n<h1>Willkommen bei Ilex Embedded Systems, Ihrem Spezialisten f\u00fcr Embedded Software und Elektronik!<\/h1>\n<p>Wir sind ein Unternehmen, das sich auf die Entwicklung von Software und Tests f\u00fcr eingebettete Systeme spezialisiert hat. Unser Expertenteam ist bestrebt, unseren Kunden innovative L\u00f6sungen zu bieten, die ihren einzigartigen Bed\u00fcrfnissen entsprechen und ihren Entwicklungsweg unterst\u00fctzen.<\/p>\n<p>Ob von unserem Entwicklungsb\u00fcro aus oder direkt vor Ort beim Kunden, wir legen Wert darauf, Projekte mit hohem technischem Mehrwert zu begleiten. Unser erfahrenes Team verf\u00fcgt \u00fcber umfassende Kenntnisse der eingebetteten Technologien und ist mit den neuesten Werkzeugen und Ger\u00e4ten ausgestattet, um fortschrittliche L\u00f6sungen zu liefern.<\/p>\n<p>Wir bei Ilex Embedded Systems glauben, dass es wichtig ist, enge Partnerschaften mit unseren Kunden zu bilden, um den Erfolg ihrer Projekte zu gew\u00e4hrleisten. Wir arbeiten eng mit jedem Kunden zusammen, um seine einzigartigen Anforderungen zu verstehen und ma\u00dfgeschneiderte L\u00f6sungen zu entwerfen, die seinen speziellen Bed\u00fcrfnissen entsprechen.<\/p>\n<p>Mit dem Fokus auf Qualit\u00e4t und Zuverl\u00e4ssigkeit ist unser Team bestrebt, L\u00f6sungen zu liefern, die die Erwartungen \u00fcbertreffen. Unsere Verpflichtung zu Spitzenleistungen und unsere F\u00e4higkeit, uns schnell an neue Technologien anzupassen, machen uns zum idealen Partner f\u00fcr Kunden, die immer einen Schritt voraus sein wollen.<\/p>\n<p>Wenn Sie einen Partner suchen, der Ihren Entwicklungsweg unterst\u00fctzt, suchen Sie nicht weiter als Ilex Embedded Systems. Kontaktieren Sie uns noch heute, um mehr dar\u00fcber zu erfahren, wie wir Ihr n\u00e4chstes Projekt unterst\u00fctzen k\u00f6nnen.[\/vc_column_text][nectar_cta btn_style=&#8220;material&#8220; heading_tag=&#8220;h6&#8243; text_color=&#8220;#ff0000&#8243; text_color_hover=&#8220;#ea4a2a&#8220; link_type=&#8220;regular&#8220; alignment=&#8220;left&#8220; alignment_tablet=&#8220;default&#8220; alignment_phone=&#8220;default&#8220; display=&#8220;block&#8220; display_tablet=&#8220;inherit&#8220; display_phone=&#8220;inherit&#8220; link_text=&#8220;Entdecke Ilex Embedded Systems&#8220; url=&#8220;https:\/\/dev.ilexembeddedsystems.fr\/a-propos-de-ilex\/&#8220;][\/vc_column][\/vc_row][vc_row type=&#8220;in_container&#8220; full_screen_row_position=&#8220;middle&#8220; column_margin=&#8220;default&#8220; column_direction=&#8220;default&#8220; column_direction_tablet=&#8220;default&#8220; column_direction_phone=&#8220;default&#8220; scene_position=&#8220;center&#8220; text_color=&#8220;dark&#8220; text_align=&#8220;left&#8220; row_border_radius=&#8220;none&#8220; row_border_radius_applies=&#8220;bg&#8220; overflow=&#8220;visible&#8220; overlay_strength=&#8220;0.3&#8243; gradient_direction=&#8220;left_to_right&#8220; shape_divider_position=&#8220;bottom&#8220; bg_image_animation=&#8220;none&#8220;][vc_column column_padding=&#8220;no-extra-padding&#8220; column_padding_tablet=&#8220;inherit&#8220; column_padding_phone=&#8220;inherit&#8220; column_padding_position=&#8220;all&#8220; column_element_direction_desktop=&#8220;default&#8220; column_element_spacing=&#8220;default&#8220; desktop_text_alignment=&#8220;default&#8220; tablet_text_alignment=&#8220;default&#8220; phone_text_alignment=&#8220;default&#8220; background_color_opacity=&#8220;1&#8243; background_hover_color_opacity=&#8220;1&#8243; column_backdrop_filter=&#8220;none&#8220; column_shadow=&#8220;none&#8220; column_border_radius=&#8220;none&#8220; column_link_target=&#8220;_self&#8220; column_position=&#8220;default&#8220; gradient_direction=&#8220;left_to_right&#8220; overlay_strength=&#8220;0.3&#8243; width=&#8220;1\/1&#8243; tablet_width_inherit=&#8220;default&#8220; animation_type=&#8220;default&#8220; bg_image_animation=&#8220;none&#8220; border_type=&#8220;simple&#8220; column_border_width=&#8220;none&#8220; column_border_style=&#8220;solid&#8220;][recent_posts style=&#8220;minimal&#8220; columns=&#8220;3&#8243; category=&#8220;all&#8220; order=&#8220;DESC&#8220; orderby=&#8220;date&#8220;][\/vc_column][\/vc_row]\n","protected":false},"excerpt":{"rendered":"<p>[vc_row type=&#8220;in_container&#8220; full_screen_row_position=&#8220;middle&#8220; column_margin=&#8220;default&#8220; column_direction=&#8220;default&#8220; column_direction_tablet=&#8220;default&#8220; column_direction_phone=&#8220;default&#8220; scene_position=&#8220;center&#8220; text_color=&#8220;dark&#8220; text_align=&#8220;left&#8220; row_border_radius=&#8220;none&#8220; row_border_radius_applies=&#8220;bg&#8220; overflow=&#8220;visible&#8220; overlay_strength=&#8220;0.3&#8243; gradient_direction=&#8220;left_to_right&#8220; shape_divider_position=&#8220;bottom&#8220; bg_image_animation=&#8220;none&#8220;][vc_column column_padding=&#8220;no-extra-padding&#8220; column_padding_tablet=&#8220;inherit&#8220; column_padding_phone=&#8220;inherit&#8220; column_padding_position=&#8220;all&#8220; column_element_direction_desktop=&#8220;default&#8220; column_element_spacing=&#8220;default&#8220; desktop_text_alignment=&#8220;default&#8220; tablet_text_alignment=&#8220;default&#8220; phone_text_alignment=&#8220;default&#8220; background_color_opacity=&#8220;1&#8243; background_hover_color_opacity=&#8220;1&#8243; column_backdrop_filter=&#8220;none&#8220; column_shadow=&#8220;none&#8220;&#8230;<\/p>\n","protected":false},"author":3,"featured_media":0,"parent":0,"menu_order":0,"comment_status":"closed","ping_status":"closed","template":"","meta":{"_monsterinsights_skip_tracking":false,"_monsterinsights_sitenote_active":false,"_monsterinsights_sitenote_note":"","_monsterinsights_sitenote_category":0,"footnotes":""},"class_list":["post-328","page","type-page","status-publish"],"aioseo_notices":[],"_links":{"self":[{"href":"https:\/\/www.ilexembeddedsystems.fr\/de\/wp-json\/wp\/v2\/pages\/328","targetHints":{"allow":["GET"]}}],"collection":[{"href":"https:\/\/www.ilexembeddedsystems.fr\/de\/wp-json\/wp\/v2\/pages"}],"about":[{"href":"https:\/\/www.ilexembeddedsystems.fr\/de\/wp-json\/wp\/v2\/types\/page"}],"author":[{"embeddable":true,"href":"https:\/\/www.ilexembeddedsystems.fr\/de\/wp-json\/wp\/v2\/users\/3"}],"replies":[{"embeddable":true,"href":"https:\/\/www.ilexembeddedsystems.fr\/de\/wp-json\/wp\/v2\/comments?post=328"}],"version-history":[{"count":1,"href":"https:\/\/www.ilexembeddedsystems.fr\/de\/wp-json\/wp\/v2\/pages\/328\/revisions"}],"predecessor-version":[{"id":2145,"href":"https:\/\/www.ilexembeddedsystems.fr\/de\/wp-json\/wp\/v2\/pages\/328\/revisions\/2145"}],"wp:attachment":[{"href":"https:\/\/www.ilexembeddedsystems.fr\/de\/wp-json\/wp\/v2\/media?parent=328"}],"curies":[{"name":"wp","href":"https:\/\/api.w.org\/{rel}","templated":true}]}}